{"id":20,"date":"2013-02-15T11:52:28","date_gmt":"2013-02-15T11:52:28","guid":{"rendered":"http:\/\/www.pamplonaortodoncia.com\/?page_id=20"},"modified":"2026-03-31T22:45:27","modified_gmt":"2026-03-31T22:45:27","slug":"proceso","status":"publish","type":"page","link":"http:\/\/www.pamplonaortodoncia.com\/?page_id=20","title":{"rendered":""},"content":{"rendered":"<div id=\"kutxa_proceso\">\n<div id=\"geziak\"><img decoding=\"async\" src=\"http:\/\/www.pamplonaortodoncia.com\/wp-content\/uploads\/2013\/03\/geziak.png\" alt=\"\"><\/div>\n<div id=\"pausuak\">\n<p>1\u00aa Consulta: Exploraci\u00f3n<br \/>\nEstudio completo:<\/p>\n<p>2\u00aa Consulta:<\/p>\n<p>Tratamiento:<\/p>\n<p>Revisiones peri\u00f3dicas<\/p>\n<p>Fin de tratamiento<\/p>\n<\/div>\n<div id=\"azalpenak\">\n<div id=\"estudio\" class=\"laukiak\">\n<ul>\n<li>modelaje = modelos de estudio<\/li>\n<li>fotograf\u00edas intra y extraorales<\/li>\n<li>radiograf\u00edas<\/li>\n<\/ul>\n<\/div>\n<div id=\"bia\" class=\"laukiak\">\n<ul>\n<li>plan de tratamiento<\/li>\n<li>presupuesto<\/li>\n<li>financiaci\u00f3n (facilidades de pago)<\/li>\n<\/ul>\n<\/div>\n<div id=\"espera\" class=\"laukiak\">\n<ul>\n<li>espera evolutiva<\/li>\n<li><a href=\"http:\/\/www.pamplonaortodoncia.com\/?page_id=323\" target=\"_blank\" rel=\"noopener\"> interceptivo &gt;&gt;<\/a><\/li>\n<li><a href=\"http:\/\/www.pamplonaortodoncia.com\/?page_id=299\" target=\"_blank\" rel=\"noopener\"> aparotolog\u00eda fija &gt;&gt;<\/a><\/li>\n<\/ul>\n<\/div>\n<div id=\"fin\" class=\"laukiak\">\n<ul>\n<li>colocaci\u00f3n retenedores<\/li>\n<li>fotos fin tratamiento<\/li>\n<li>radiograf\u00edas<\/li>\n<\/ul>\n<\/div>\n<\/div>\n<\/div>\n","protected":false},"excerpt":{"rendered":"<p>1\u00aa Consulta: Exploraci\u00f3n Estudio completo: 2\u00aa Consulta: Tratamiento: Revisiones peri\u00f3dicas Fin de tratamiento modelaje = modelos de estudio fotograf\u00edas intra y extraorales radiograf\u00edas plan de tratamiento presupuesto financiaci\u00f3n (facilidades de pago) espera evolutiva interceptivo &gt;&gt; aparotolog\u00eda fija &gt;&gt; colocaci\u00f3n retenedores fotos fin tratamiento radiograf\u00edas<\/p>\n","protected":false},"author":1,"featured_media":0,"parent":0,"menu_order":0,"comment_status":"closed","ping_status":"closed","template":"","meta":{"_monsterinsights_skip_tracking":false,"_monsterinsights_sitenote_active":false,"_monsterinsights_sitenote_note":"","_monsterinsights_sitenote_category":0,"ngg_post_thumbnail":0,"footnotes":""},"class_list":["post-20","page","type-page","status-publish","hentry"],"_links":{"self":[{"href":"http:\/\/www.pamplonaortodoncia.com\/index.php?rest_route=\/wp\/v2\/pages\/20","targetHints":{"allow":["GET"]}}],"collection":[{"href":"http:\/\/www.pamplonaortodoncia.com\/index.php?rest_route=\/wp\/v2\/pages"}],"about":[{"href":"http:\/\/www.pamplonaortodoncia.com\/index.php?rest_route=\/wp\/v2\/types\/page"}],"author":[{"embeddable":true,"href":"http:\/\/www.pamplonaortodoncia.com\/index.php?rest_route=\/wp\/v2\/users\/1"}],"replies":[{"embeddable":true,"href":"http:\/\/www.pamplonaortodoncia.com\/index.php?rest_route=%2Fwp%2Fv2%2Fcomments&post=20"}],"version-history":[{"count":0,"href":"http:\/\/www.pamplonaortodoncia.com\/index.php?rest_route=\/wp\/v2\/pages\/20\/revisions"}],"wp:attachment":[{"href":"http:\/\/www.pamplonaortodoncia.com\/index.php?rest_route=%2Fwp%2Fv2%2Fmedia&parent=20"}],"curies":[{"name":"wp","href":"https:\/\/api.w.org\/{rel}","templated":true}]}}