{"id":299,"date":"2013-03-08T09:38:31","date_gmt":"2013-03-08T09:38:31","guid":{"rendered":"http:\/\/www.pamplonaortodoncia.com\/?page_id=299"},"modified":"2026-03-31T22:45:02","modified_gmt":"2026-03-31T22:45:02","slug":"los-aparatos-fijos","status":"publish","type":"page","link":"http:\/\/www.pamplonaortodoncia.com\/?page_id=299","title":{"rendered":"Los aparatos fijos"},"content":{"rendered":"<p>&nbsp;<\/p>\n<div id=\"remov_aparatuak\">\n<div id=\"remov1\">Teniendo en cuenta las necesidades creadaas por el diagn\u00f3stico y las posibilidades de tratamiento de la ortodoncia moderna.<br \/>\nPara conseguir resultados precisos, los aparatos fijos necesitan de una meticulosa t\u00e9cnica, mediante la colocaci\u00f3n precisa de bandas y brackets cementados sobre todas y cada una de las piezas dentarias, as\u00ed como de una serie de sofisticados arcos para lograr los desplazamientos a que haya lugar, de acuerdo con el plan de tratamiento elaborado.<br \/>\nLos aparatos fijos presenten mas indicaci\u00f3n para:<\/p>\n<ul>\n<li>la malposici\u00f3n dentaria<\/li>\n<li>dientes rotados<\/li>\n<li>relaci\u00f3n de incisivos<\/li>\n<li>movimientos m\u00faltiples<\/li>\n<\/ul>\n<\/div>\n<div id=\"remov2\">\n<div id=\"BreCeramica\" class=\"marrarekin\"><img decoding=\"async\" src=\"http:\/\/www.pamplonaortodoncia.com\/wp-content\/uploads\/2013\/03\/brackets_ceramica.jpg\"><\/p>\n<h4>Bracket cer\u00e1mica<\/h4>\n<p>Tambi\u00e9n llamados brackets est\u00e9ticos ya que al ser del mismo color que la dentadura no se aprecian a simple vista.<br \/>\nIdeales para aquellas personas que valoren su imagen durante su tratamiento de ortodoncia.<\/p>\n<\/div>\n<div id=\"Incognito\" class=\"marrarekin\"><img decoding=\"async\" src=\"http:\/\/www.pamplonaortodoncia.com\/wp-content\/uploads\/2013\/03\/Incognito.jpg\"><\/p>\n<h4>Incognito<\/h4>\n<p>Al colocarse en el interior de la dentadura resulta casi invisible.<br \/>\nCada bracket lingual se hace a medida del diente del paciente lo que aporta comodida y precisi\u00f3n en el tratamiento.<\/p>\n<\/div>\n<\/div>\n<div id=\"remov3\">\n<div id=\"Retenedores\" class=\"marrarekin\"><img decoding=\"async\" src=\"http:\/\/www.pamplonaortodoncia.com\/wp-content\/uploads\/2013\/03\/brackets_acero1.jpg\"><\/p>\n<h4>Bracket damon<\/h4>\n<p>No llevan gomas ya que son de autoligado.<br \/>\nSe unen entre s\u00ed a trav\u00e9s de alambres con memoria de forma lo que ayuda a que el tratamiento sea m\u00e1s r\u00e1pido y con menos visitas al ortodoncista.<\/p>\n<\/div>\n<div id=\"Interceptivo\" class=\"marrarekin\"><img decoding=\"async\" src=\"http:\/\/www.pamplonaortodoncia.com\/wp-content\/uploads\/2013\/03\/brackets_acero2.jpg\"><\/p>\n<h4>Bracket smartclip<\/h4>\n<p>Gracias a su sistema de autoligado se adapta f\u00e1cilmente a la posici\u00f3n inicial de cada diente.<br \/>\nPermite individualizar al m\u00e1ximo cada tratamiento nos ayudar\u00e1 al final a minimizar las visitas a la consulta.<\/p>\n<\/div>\n<\/div>\n<\/div>\n","protected":false},"excerpt":{"rendered":"<p>&nbsp; Teniendo en cuenta las necesidades creadaas por el diagn\u00f3stico y las posibilidades de tratamiento de la ortodoncia moderna. Para conseguir resultados precisos, los aparatos fijos necesitan de una meticulosa t\u00e9cnica, mediante la colocaci\u00f3n precisa de bandas y brackets cementados sobre todas y cada una de las piezas dentarias, as\u00ed como de una serie de [&hellip;]<\/p>\n","protected":false},"author":1,"featured_media":0,"parent":0,"menu_order":0,"comment_status":"closed","ping_status":"open","template":"","meta":{"_monsterinsights_skip_tracking":false,"_monsterinsights_sitenote_active":false,"_monsterinsights_sitenote_note":"","_monsterinsights_sitenote_category":0,"ngg_post_thumbnail":0,"footnotes":""},"class_list":["post-299","page","type-page","status-publish","hentry"],"_links":{"self":[{"href":"http:\/\/www.pamplonaortodoncia.com\/index.php?rest_route=\/wp\/v2\/pages\/299","targetHints":{"allow":["GET"]}}],"collection":[{"href":"http:\/\/www.pamplonaortodoncia.com\/index.php?rest_route=\/wp\/v2\/pages"}],"about":[{"href":"http:\/\/www.pamplonaortodoncia.com\/index.php?rest_route=\/wp\/v2\/types\/page"}],"author":[{"embeddable":true,"href":"http:\/\/www.pamplonaortodoncia.com\/index.php?rest_route=\/wp\/v2\/users\/1"}],"replies":[{"embeddable":true,"href":"http:\/\/www.pamplonaortodoncia.com\/index.php?rest_route=%2Fwp%2Fv2%2Fcomments&post=299"}],"version-history":[{"count":0,"href":"http:\/\/www.pamplonaortodoncia.com\/index.php?rest_route=\/wp\/v2\/pages\/299\/revisions"}],"wp:attachment":[{"href":"http:\/\/www.pamplonaortodoncia.com\/index.php?rest_route=%2Fwp%2Fv2%2Fmedia&parent=299"}],"curies":[{"name":"wp","href":"https:\/\/api.w.org\/{rel}","templated":true}]}}