{"id":323,"date":"2013-03-08T11:04:06","date_gmt":"2013-03-08T11:04:06","guid":{"rendered":"http:\/\/www.pamplonaortodoncia.com\/?page_id=323"},"modified":"2026-03-31T22:45:07","modified_gmt":"2026-03-31T22:45:07","slug":"los-aparatos-removibles","status":"publish","type":"page","link":"http:\/\/www.pamplonaortodoncia.com\/?page_id=323","title":{"rendered":""},"content":{"rendered":"<div id=\"fijos_kutxa\">\n<div id=\"fijos_testua\">\n<div id=\"fij_testua_ezker\">Son aquellos que se lo puede quitar el mismo paciente para limpieza, pero que, cuando se usan, van firmemente sujetos a las piezas dentarias.<br \/>\nCon ellos se pueden aplicar presiones controladas sobre los dientes que se desee desplazar, mediante la acci\u00f3n de elementos mec\u00e1nicos.<\/div>\n<div id=\"fij_testua_eskuin\">&nbsp;<\/div>\n<\/div>\n<div id=\"fijos_aparatuak\">\n<div id=\"fij1\">\n<div class=\"slide\"><img decoding=\"async\" src=\"http:\/\/www.pamplonaortodoncia.com\/wp-content\/uploads\/2013\/03\/Invisalign2w.jpg\"><\/div>\n<h4>Invisalign<\/h4>\n<p>Es uno de los tratamientos m\u00e1s c\u00f3modos para el paciente ya que la funda correctora puede extraerse para comer, beber etc.<br \/>\nLas fundas son trasparentes y, adem\u00e1s, al estar hechas a la medida de la boca del paciente apenas se aprecian.<\/p>\n<\/div>\n<div id=\"fij2\">\n<div class=\"slide\"><img decoding=\"async\" src=\"http:\/\/www.pamplonaortodoncia.com\/wp-content\/uploads\/2013\/03\/Retenedores2.jpg\"><\/div>\n<h4>Retenedores<\/h4>\n<p>Su funci\u00f3n es mantener la dentadura en la posici\u00f3n a la que se ha llegado a trav\u00e9s de cualquier tratamiento.<\/p>\n<\/div>\n<div id=\"fij3\">\n<p><img decoding=\"async\" src=\"http:\/\/www.pamplonaortodoncia.com\/wp-content\/uploads\/2013\/03\/Interceptivo.jpg\"><\/p>\n<h4>Placa palatina interceptivo<\/h4>\n<p>Estimula la boca internamente lo que permite la mejora de casos en los que la colocaci\u00f3n de los dientes, la mordida o la posici\u00f3n de la lengua no eran las correctas.<\/p>\n<\/div>\n<\/div>\n<\/div>\n","protected":false},"excerpt":{"rendered":"<p>Son aquellos que se lo puede quitar el mismo paciente para limpieza, pero que, cuando se usan, van firmemente sujetos a las piezas dentarias. Con ellos se pueden aplicar presiones controladas sobre los dientes que se desee desplazar, mediante la acci\u00f3n de elementos mec\u00e1nicos. &nbsp; Invisalign Es uno de los tratamientos m\u00e1s c\u00f3modos para el [&hellip;]<\/p>\n","protected":false},"author":1,"featured_media":0,"parent":0,"menu_order":0,"comment_status":"closed","ping_status":"open","template":"","meta":{"_monsterinsights_skip_tracking":false,"_monsterinsights_sitenote_active":false,"_monsterinsights_sitenote_note":"","_monsterinsights_sitenote_category":0,"ngg_post_thumbnail":0,"footnotes":""},"class_list":["post-323","page","type-page","status-publish","hentry"],"_links":{"self":[{"href":"http:\/\/www.pamplonaortodoncia.com\/index.php?rest_route=\/wp\/v2\/pages\/323","targetHints":{"allow":["GET"]}}],"collection":[{"href":"http:\/\/www.pamplonaortodoncia.com\/index.php?rest_route=\/wp\/v2\/pages"}],"about":[{"href":"http:\/\/www.pamplonaortodoncia.com\/index.php?rest_route=\/wp\/v2\/types\/page"}],"author":[{"embeddable":true,"href":"http:\/\/www.pamplonaortodoncia.com\/index.php?rest_route=\/wp\/v2\/users\/1"}],"replies":[{"embeddable":true,"href":"http:\/\/www.pamplonaortodoncia.com\/index.php?rest_route=%2Fwp%2Fv2%2Fcomments&post=323"}],"version-history":[{"count":0,"href":"http:\/\/www.pamplonaortodoncia.com\/index.php?rest_route=\/wp\/v2\/pages\/323\/revisions"}],"wp:attachment":[{"href":"http:\/\/www.pamplonaortodoncia.com\/index.php?rest_route=%2Fwp%2Fv2%2Fmedia&parent=323"}],"curies":[{"name":"wp","href":"https:\/\/api.w.org\/{rel}","templated":true}]}}