{"id":3518,"date":"2020-10-19T09:50:51","date_gmt":"2020-10-19T09:50:51","guid":{"rendered":"http:\/\/www.pamplonaortodoncia.com\/?page_id=3518"},"modified":"2026-03-31T22:45:21","modified_gmt":"2026-03-31T22:45:21","slug":"politica-de-privacidad","status":"publish","type":"page","link":"http:\/\/www.pamplonaortodoncia.com\/?page_id=3518","title":{"rendered":""},"content":{"rendered":"<h2>Informaci\u00f3n b\u00e1sica<\/h2>\n<p>En cumplimiento de la Ley Org\u00e1nica 3\/2018, de 5 de diciembre, de Protecci\u00f3n de Datos Personales y garant\u00eda de los derechos digitales y el Reglamento (UE) 2016\/679, se le informa que los datos personales facilitados por usted ser\u00e1n incorporados a la base de datos titularidad de CIECO S.L., con la finalidad de facilitarle la informaci\u00f3n solicitada acerca de nuestros productos y servicios.<\/p>\n<p>El responsable de tratamiento de sus datos es CIECO S.L., con domicilio en la direcci\u00f3n AVENIDA P\u00cdO XII, 37, 2\u00ba B, 31008, PAMPLONA, NAVARRA<\/p>\n<p>La base jur\u00eddica del tratamiento de la informaci\u00f3n es el consentimiento otorgado por el interesado<\/p>\n<p>Los datos personales que usted aporte cuando nos contacte por medio de los formularios web ser\u00e1n conservados durante el tiempo necesario para la atenci\u00f3n de su solicitud y mientras no se solicite su cancelaci\u00f3n.<\/p>\n<p>En ning\u00fan caso CIECO S.L. utilizar\u00e1 los datos personales de los interesados para fines distintos de los anteriormente mencionados, y se compromete a guardar el debido secreto profesional y a establecer las medidas t\u00e9cnicas y organizativas necesarias para salvaguardar la informaci\u00f3n conforme a los requerimientos de la normativa vigente en materia de protecci\u00f3n de datos.<\/p>\n<p>Puede ejercer los derechos de acceso, rectificaci\u00f3n, cancelaci\u00f3n, oposici\u00f3n, portabilidad y limitaci\u00f3n de uso mediante escrito, acompa\u00f1ado de copia de documento oficial que le identifique, dirigido a CIECO S.L. con domicilio social en la direcci\u00f3n AVENIDA P\u00cdO XII, 37, 2\u00ba B, 31008, PAMPLONA, NAVARRA o a la direcci\u00f3n de email: contacto@pamplonaortodoncia.com<\/p>\n<h2>Informaci\u00f3n Adicional Protecci\u00f3n Datos<\/h2>\n<h3>\u00bfQui\u00e9n es el Responsable del Tratamiento de sus datos?<\/h3>\n<p>-Identidad:CIECO S.L.<\/p>\n<p>-CIF: B31473077<\/p>\n<p>-Direcci\u00f3n Postal: AVENIDA P\u00cdO XII, 37, 2\u00ba B, 31008, PAMPLONA, NAVARRA.<\/p>\n<p>-Correo: contacto@pamplonaortodoncia.com<\/p>\n<p>-Tel\u00e9fono: 948 251 884<\/p>\n<h3>\u00bfCon qu\u00e9 finalidad tratamos sus datos personales?<\/h3>\n<p>&#8211; CIECO S.L. tratar\u00e1 la informaci\u00f3n facilitada por el Usuario con el fin de atender sus solicitudes relacionadas con la gesti\u00f3n del servicio solicitado y el env\u00edo de comunicaciones electr\u00f3nicas de naturaleza informativa.<\/p>\n<h3>\u00bfPor cu\u00e1nto tiempo conservaremos sus datos?<\/h3>\n<p>&#8211; Con car\u00e1cter general, los datos personales proporcionados se conservar\u00e1n durante el tiempo necesario para atender la solicitud del Usuario o mientras no se solicite su supresi\u00f3n por el Usuario.<\/p>\n<h3>\u00bfCu\u00e1l es la legitimaci\u00f3n para el tratamiento de sus datos?<\/h3>\n<p>&#8211; La base legal para el tratamiento de los datos es la legitimaci\u00f3n por consentimiento del Usuario.<\/p>\n<p>&#8211; Para los clientes existentes, trataremos los datos en virtud de la ejecuci\u00f3n del contrato firmado por el Usuario.<\/p>\n<h3>\u00bfA qu\u00e9 destinatarios se comunicar\u00e1n sus datos?<\/h3>\n<p>&#8211; CIECO S.L. no ceder\u00e1 datos personales a terceros ni realizar\u00e1 ninguna transferencia internacional de los mismos. En ning\u00fan caso utilizara los datos personales de los interesados para fines distintos.<\/p>\n<h3>\u00bfCu\u00e1les son sus derechos cuando nos facilita sus datos?<\/h3>\n<p><strong>&#8211; Derecho de acceso:<\/strong> Usted tendr\u00e1 derecho a obtener confirmaci\u00f3n de si est\u00e1n tratando o no datos personales que le conciernen.<\/p>\n<p><strong>&#8211; Derecho de rectificaci\u00f3n:<\/strong> Usted tendr\u00e1 derecho a obtener la rectificaci\u00f3n de los datos personales inexactos que le conciernan o est\u00e9n incompletos.<\/p>\n<p><strong>&#8211; Derecho de supresi\u00f3n:<\/strong> Usted tendr\u00e1 derecho a obtener la supresi\u00f3n de los datos personales que le conciernan cuando los datos personales ya no sean necesarios en relaci\u00f3n con los fines para los que fueron recogidos o tratados de otro modo.<\/p>\n<p><strong>&#8211; Derecho de limitaci\u00f3n:<\/strong> Usted podr\u00e1 solicitar la limitaci\u00f3n del tratamiento de sus datos personales, en cuyo caso \u00fanicamente los conservaremos para el ejercicio o la defensa de reclamaciones.<\/p>\n<p><strong>&#8211; Derecho de retirar el consentimiento:<\/strong> Usted tendr\u00e1 derecho a retirar el consentimiento en cualquier momento, sin que ello afecte a la licitud del tratamiento basado en el consentimiento antes de su retirada.<\/p>\n<p><strong>&#8211; Derecho de oposici\u00f3n:<\/strong> Usted tendr\u00e1 derecho a oponerse al tratamiento de sus datos. CIECO S.L. dejar\u00e1 de tratar los datos, salvo por motivos leg\u00edtimos imperiosos, o el ejercicio o la defensa de posibles reclamaciones. &#8211; Derecho a la portabilidad de sus datos: Usted puede solicitarnos que sus datos personales automatizados sean cedidos o transferidos a cualquier otra empresa que nos indique en un formato estructurado, inteligible y automatizado.<\/p>\n<p>&#8211; Los interesados pueden ejercitar sus derechos de acceso, rectificaci\u00f3n, supresi\u00f3n, limitaci\u00f3n, oposici\u00f3n y portabilidad de los datos dirigi\u00e9ndose por escrito a CIECO S.L. indicando el derecho a ejercer y adjuntando copia de DNI a trav\u00e9s de la siguiente direcci\u00f3n postal: AVENIDA P\u00cdO XII, 37, 2\u00ba B, 31008, PAMPLONA, NAVARRA indicando en el sobre PROTECCI\u00d3N DE DATOS o a trav\u00e9s del correo electr\u00f3nico: contacto@pamplonaortodoncia.com<\/p>\n<p>Los interesados tienen derecho a reclamar ante la Autoridad de Control y solicitar la tutela de derechos que no hayan sido debidamente atendidos a la Agencia Espa\u00f1ola de Protecci\u00f3n de datos a trav\u00e9s de la sede electr\u00f3nica de su portal web (<a href=\"https:\/\/www.aepd.es\/es\" target=\"_blank\" rel=\"noopener\">www.agpd.es<\/a>), o bien mediante escrito dirigido a su direcci\u00f3n postal (C\/Jorge Juan, 6, 28001-Madrid).<\/p>\n","protected":false},"excerpt":{"rendered":"<p>Informaci\u00f3n b\u00e1sica En cumplimiento de la Ley Org\u00e1nica 3\/2018, de 5 de diciembre, de Protecci\u00f3n de Datos Personales y garant\u00eda de los derechos digitales y el Reglamento (UE) 2016\/679, se le informa que los datos personales facilitados por usted ser\u00e1n incorporados a la base de datos titularidad de CIECO S.L., con la finalidad de facilitarle [&hellip;]<\/p>\n","protected":false},"author":1,"featured_media":0,"parent":0,"menu_order":0,"comment_status":"closed","ping_status":"closed","template":"","meta":{"_monsterinsights_skip_tracking":false,"_monsterinsights_sitenote_active":false,"_monsterinsights_sitenote_note":"","_monsterinsights_sitenote_category":0,"ngg_post_thumbnail":0,"footnotes":""},"class_list":["post-3518","page","type-page","status-publish","hentry"],"_links":{"self":[{"href":"http:\/\/www.pamplonaortodoncia.com\/index.php?rest_route=\/wp\/v2\/pages\/3518","targetHints":{"allow":["GET"]}}],"collection":[{"href":"http:\/\/www.pamplonaortodoncia.com\/index.php?rest_route=\/wp\/v2\/pages"}],"about":[{"href":"http:\/\/www.pamplonaortodoncia.com\/index.php?rest_route=\/wp\/v2\/types\/page"}],"author":[{"embeddable":true,"href":"http:\/\/www.pamplonaortodoncia.com\/index.php?rest_route=\/wp\/v2\/users\/1"}],"replies":[{"embeddable":true,"href":"http:\/\/www.pamplonaortodoncia.com\/index.php?rest_route=%2Fwp%2Fv2%2Fcomments&post=3518"}],"version-history":[{"count":0,"href":"http:\/\/www.pamplonaortodoncia.com\/index.php?rest_route=\/wp\/v2\/pages\/3518\/revisions"}],"wp:attachment":[{"href":"http:\/\/www.pamplonaortodoncia.com\/index.php?rest_route=%2Fwp%2Fv2%2Fmedia&parent=3518"}],"curies":[{"name":"wp","href":"https:\/\/api.w.org\/{rel}","templated":true}]}}