{"id":3522,"date":"2020-10-19T09:56:51","date_gmt":"2020-10-19T09:56:51","guid":{"rendered":"http:\/\/www.pamplonaortodoncia.com\/?page_id=3522"},"modified":"2026-03-31T22:44:19","modified_gmt":"2026-03-31T22:44:19","slug":"aviso-legal","status":"publish","type":"page","link":"http:\/\/www.pamplonaortodoncia.com\/?page_id=3522","title":{"rendered":""},"content":{"rendered":"<h2>Informaci\u00f3n general<\/h2>\n<p>La direcci\u00f3n http:\/\/www.pamplonaortodoncia.com\/ (en adelante el sitio Web) es un dominio registrado por CIECO S.L. , titular\/responsable), con domicilio social en AVENIDA P\u00cdO XII, 37, 2\u00ba B, 31008, PAMPLONA, NAVARRA<\/p>\n<p>Datos registrales. Registro Pamplona<\/p>\n<p>Tomo 359 | Folio 9 | Hoja 1880<\/p>\n<p>N\u00famero de colegiado: Guilhem Rouch N\u00ba Col. 501<\/p>\n<p>Esta p\u00e1gina tiene car\u00e1cter informativo y de exclusivo uso personal, teniendo por objeto facilitar el conocimiento al p\u00fablico en general, de los productos y servicios ofrecidos en la empresa. El acceso al sitio Web es, en principio, gratuito, sin perjuicio de que la contrataci\u00f3n de productos o servicios, si ello se facilitase en alg\u00fan momento, a trav\u00e9s del sitio Web est\u00e9 sujeta a una contraprestaci\u00f3n econ\u00f3mica.<\/p>\n<p>El usuario se compromete a no utilizar el sitio Web ni la informaci\u00f3n ofrecida en el mismo para la realizaci\u00f3n de actividades contrarias a la Ley, la moral o el orden p\u00fablico, y a respetar las condiciones de uso establecidas por el titular.<\/p>\n<h2>Propiedad intelectual e industrial<\/h2>\n<p>La empresa es titular de los derechos de Propiedad Intelectual sobre el contenido de este sitio Web, incluyendo, a modo enunciativo y sin car\u00e1cter limitativo, dise\u00f1o gr\u00e1fico, c\u00f3digos, fuentes, textos, im\u00e1genes, videos, marcas, logos o signos distintivos, o dispone de los permisos necesarios para su utilizaci\u00f3n.<\/p>\n<p>Se proh\u00edbe la modificaci\u00f3n, copia, reproducci\u00f3n, descarga, transmisi\u00f3n, distribuci\u00f3n o transformaci\u00f3n de los contenidos del sitio Web, si no se tiene la autorizaci\u00f3n del titular de los correspondientes derechos o se encuentra legalmente permitido.<\/p>\n<p>La lesi\u00f3n por parte de terceros de los derechos de Propiedad Intelectual o cualquier otro derecho sobre el contenido de este sitio Web, titularidad de la responsable, dar\u00e1 lugar a las responsabilidades legalmente establecidas.<\/p>\n<h2>Contenido Web y enlaces<\/h2>\n<p>La informaci\u00f3n contenida en este sitio Web puede no ser correcta; por ello el titular, no se responsabiliza de cualquier da\u00f1o o perjuicio directo o indirecto que pueda ocasionar la exactitud, integridad o veracidad de dicha informaci\u00f3n, as\u00ed como tampoco del uso por terceros del contenido de este sitio Web, ni de los posibles errores en el acceso a la misma. Al mismo tiempo el titular se reserva el derecho a suspender temporalmente la accesibilidad al sitio Web cuando sea necesario, sin necesidad de previo aviso.<\/p>\n<p>Este sitio Web contiene enlaces (links) a p\u00e1ginas externas, no siendo el titular, responsable de los contenidos de dichas p\u00e1ginas (siendo responsabilidad del usuario, regirse por los t\u00e9rminos y condiciones de utilizaci\u00f3n de las p\u00e1ginas consultadas) ni del mal uso ni las actividades contrarias a la ley la moral o el orden p\u00fablico que realicen los usuarios en dichas p\u00e1ginas. Al mismo tiempo el establecimiento de cualquier hiperenlace desde una p\u00e1gina Web deber\u00e1 efectuarse a la p\u00e1gina principal del sitio Web, quedando prohibida la reproducci\u00f3n ni total ni parcial de ninguna de los servicios contenidos en el sitio Web del titular.<\/p>\n<h2>Modificaci\u00f3n de los t\u00e9rminos y condiciones de uso<\/h2>\n<p>Las presentes condiciones generales y las particulares que eventualmente puedan establecerse, y con la redacci\u00f3n que presenten en cada momento, tienen una duraci\u00f3n indefinida, y permanecer\u00e1n en vigor mientras el portal contin\u00fae activo. El titular de la Web se reserva en todo caso el derecho unilateral de modificar las condiciones de acceso a las mismas, as\u00ed como su contenido.<\/p>\n<h2>Legislaci\u00f3n y jurisdicci\u00f3n aplicables<\/h2>\n<p>Las presentes condiciones de uso se rigen por la Ley espa\u00f1ola, acordando las partes someterse a la jurisdicci\u00f3n de los Juzgados y Tribunales de Navarra, en caso de disputa o controversia relacionada con la aplicaci\u00f3n o interpretaci\u00f3n de las mismas\u201d<\/p>\n","protected":false},"excerpt":{"rendered":"<p>Informaci\u00f3n general La direcci\u00f3n http:\/\/www.pamplonaortodoncia.com\/ (en adelante el sitio Web) es un dominio registrado por CIECO S.L. , titular\/responsable), con domicilio social en AVENIDA P\u00cdO XII, 37, 2\u00ba B, 31008, PAMPLONA, NAVARRA Datos registrales. Registro Pamplona Tomo 359 | Folio 9 | Hoja 1880 N\u00famero de colegiado: Guilhem Rouch N\u00ba Col. 501 Esta p\u00e1gina tiene [&hellip;]<\/p>\n","protected":false},"author":1,"featured_media":0,"parent":0,"menu_order":0,"comment_status":"closed","ping_status":"closed","template":"","meta":{"_monsterinsights_skip_tracking":false,"_monsterinsights_sitenote_active":false,"_monsterinsights_sitenote_note":"","_monsterinsights_sitenote_category":0,"ngg_post_thumbnail":0,"footnotes":""},"class_list":["post-3522","page","type-page","status-publish","hentry"],"_links":{"self":[{"href":"http:\/\/www.pamplonaortodoncia.com\/index.php?rest_route=\/wp\/v2\/pages\/3522","targetHints":{"allow":["GET"]}}],"collection":[{"href":"http:\/\/www.pamplonaortodoncia.com\/index.php?rest_route=\/wp\/v2\/pages"}],"about":[{"href":"http:\/\/www.pamplonaortodoncia.com\/index.php?rest_route=\/wp\/v2\/types\/page"}],"author":[{"embeddable":true,"href":"http:\/\/www.pamplonaortodoncia.com\/index.php?rest_route=\/wp\/v2\/users\/1"}],"replies":[{"embeddable":true,"href":"http:\/\/www.pamplonaortodoncia.com\/index.php?rest_route=%2Fwp%2Fv2%2Fcomments&post=3522"}],"version-history":[{"count":0,"href":"http:\/\/www.pamplonaortodoncia.com\/index.php?rest_route=\/wp\/v2\/pages\/3522\/revisions"}],"wp:attachment":[{"href":"http:\/\/www.pamplonaortodoncia.com\/index.php?rest_route=%2Fwp%2Fv2%2Fmedia&parent=3522"}],"curies":[{"name":"wp","href":"https:\/\/api.w.org\/{rel}","templated":true}]}}