{"id":3568,"date":"2020-10-28T13:20:32","date_gmt":"2020-10-28T13:20:32","guid":{"rendered":"http:\/\/www.pamplonaortodoncia.com\/?page_id=3568"},"modified":"2026-03-31T22:45:16","modified_gmt":"2026-03-31T22:45:16","slug":"politica-de-cookies","status":"publish","type":"page","link":"http:\/\/www.pamplonaortodoncia.com\/?page_id=3568","title":{"rendered":""},"content":{"rendered":"<p>http:\/\/www.pamplonaortodoncia.com\/, utiliza cookies con la finalidad de prestarle una mejor experiencia en su navegaci\u00f3n. Asimismo, en caso de que preste su consentimiento, utilizaremos cookies que nos permitan obtener m\u00e1s informaci\u00f3n acerca de sus preferencias y personalizar nuestro Sitio Web de conformidad con sus intereses individuales, para que tenga una navegaci\u00f3n m\u00e1s fluida y personalizada.<\/p>\n<p>Queremos informarle de manera clara y precisa sobre las cookies que utilizamos en nuestro sitio web. En caso de que quiera obtener m\u00e1s informaci\u00f3n sobre el uso y la finalidad que hacemos de las cookies implementadas en nuestro sitio web, puede ponerse en contacto con nosotros en la direcci\u00f3n CIECO S.L. , (titular\/responsable), y domicilio social en AVENIDA P\u00cdO XII, 37, 2\u00ba B, 31008, PAMPLONA, NAVARRA<\/p>\n<h2>\u00bfQu\u00e9 es una cookie?<\/h2>\n<p>Una cookie es un peque\u00f1o archivo que se descarga en el ordenador, tablet o smartphone del usuario, con la finalidad de almacenar datos e informaci\u00f3n que podr\u00e1n ser actualizados y recuperados por la entidad responsable de su instalaci\u00f3n.<\/p>\n<p>La informaci\u00f3n recabada a trav\u00e9s de las cookies puede incluir la fecha y hora de visitas al sitio web, las distintas pesta\u00f1as que usted ha visionado o el tiempo que ha permanecido en el mismo.<\/p>\n<h2>\u00bfQu\u00e9 tipos de cookies utiliza este sitio web?<\/h2>\n<p><strong>Cookies propias<\/strong><\/p>\n<p>Esta tipolog\u00eda de cookies son enviadas a su ordenador y gestionadas exclusivamente por nosotros para el mejor funcionamiento del sitio web. La informaci\u00f3n que recabamos se emplea para mejorar la calidad de nuestro servicio y su experiencia como usuario.<\/p>\n<p><strong>Cookies de terceros<\/strong><\/p>\n<p>Son aquellas que se env\u00edan a su equipo desde un equipo o dominio que no es gestionado por nosotros, sino por otra entidad colaboradora. Las cookies anal\u00edticas utilizadas por Google, o las utilizadas por las redes sociales para ofrecer al usuario la posibilidad de compartir o recomendar contenidos de nuestra p\u00e1gina web en las mismas.<\/p>\n<p>A continuaci\u00f3n, se detallan todas las cookies de terceros utilizadas por este sitio web, as\u00ed como sus caracter\u00edsticas y finalidades, plazo de duraci\u00f3n, tipo de cookies, y como desactivar cada cookie:<\/p>\n<p><strong>_gid:<\/strong><\/p>\n<p>Se usa para distinguir a los usuarios. Dura 24h. Google Analitics.<\/p>\n<p><strong>_ga:<\/strong><\/p>\n<p>Se usa para distinguir a los usuarios. Dura 2 a\u00f1os. Google Analitics.<\/p>\n<p><strong>fr:<\/strong><\/p>\n<p>Se usa para mostrar, medir y mejorar la relevancia de anuncios. Dura 90 d\u00edas. Facebook.<\/p>\n<p><strong>sb:<\/strong><\/p>\n<p>Nos permiten identificar tu navegador de forma segur. Dura&nbsp; 2 a\u00f1os. Facebook.<\/p>\n<p><strong>datr:<\/strong><\/p>\n<p>Para evitar logins fraudulentos. Dura&nbsp; 2 a\u00f1os. Facebook.<\/p>\n<h2>\u00bfC\u00f3mo puedo configurar o deshabilitar las cookies que utiliza este sitio web?<\/h2>\n<p>Para restringir o bloquear las cookies, usted deber\u00e1 modificar la configuraci\u00f3n del navegador que utilice en su equipo. Con car\u00e1cter general los navegadores ofrecen las siguientes opciones de configuraci\u00f3n en relaci\u00f3n a la instalaci\u00f3n de cookies:<\/p>\n<p>&#8211; Internet Explorer:<a href=\"http:\/\/windows.microsoft.com\/is-IS\/windows7\/How-to-manage-cookies-in-Internet-Explorer-9\" target=\"_blank\" rel=\"noopener\"> http:\/\/windows.microsoft.com\/is-IS\/windows7\/How-to-manage-cookies-in-Internet-Explorer-9<\/a><\/p>\n<p>&#8211; Firefox: <a href=\"http:\/\/support.mozilla.org\/en-US\/kb\/Cookies\" target=\"_blank\" rel=\"noopener\">http:\/\/support.mozilla.org\/en-US\/kb\/Cookies<\/a><\/p>\n<p>&#8211; Chrome: <a href=\"http:\/\/support.google.com\/chrome\/bin\/answer.py?hl=en&amp;answer=95647\" target=\"_blank\" rel=\"noopener\">http:\/\/support.google.com\/chrome\/bin\/answer.py?hl=en&amp;answer=95647<\/a><\/p>\n<p>&#8211; Safari: http:\/\/support.apple.com\/kb\/PH5042&nbsp;(y para iOS &#8211;&nbsp;http:\/\/support.apple.com\/kb\/HT1677)<\/p>\n<p>Si se impide la instalaci\u00f3n de todas las cookies de la p\u00e1gina web, algunas funcionalidades de la misma, as\u00ed como algunos contenidos pueden verse afectados.<\/p>\n<p>Si comparte contenido de este sitio web mediante redes sociales como Facebook y Twitter, es posible que reciba cookies de dichos sitios web. Los ajustes de las cookies de terceros no est\u00e1n bajo el control del titular de la Web, por lo que le sugerimos que compruebe los sitios web de terceros para obtener m\u00e1s informaci\u00f3n sobre sus cookies y c\u00f3mo gestionarlas.<\/p>\n<p>(**) Para m\u00e1s informaci\u00f3n de cookies que utiliza google, tanto anal\u00edticas como publicitarias, as\u00ed como su administraci\u00f3n y configuraci\u00f3n se puede consultar en:<\/p>\n<p>\u2022<a href=\"http:\/\/www.google.es\/intl\/es\/policies\/technologies\/types\/\" target=\"_blank\" rel=\"noopener\"> http:\/\/www.google.es\/intl\/es\/policies\/technologies\/types\/<\/a><\/p>\n<p>\u2022<a href=\"http:\/\/www.google.es\/policies\/technologies\/ads\/\" target=\"_blank\" rel=\"noopener\"> http:\/\/www.google.es\/policies\/technologies\/ads\/<\/a><\/p>\n<p>\u2022 <a href=\"https:\/\/developers.google.com\/analytics\/devguides\/collection\/analyticsjs\/cookie-usage\" target=\"_blank\" rel=\"noopener\">https:\/\/developers.google.com\/analytics\/devguides\/collection\/analyticsjs\/cookie-usage<\/a><\/p>\n<p>(**) Para m\u00e1s informaci\u00f3n de cookies que utiliza Facebook consulten<\/p>\n<p>\u2022 <a href=\"https:\/\/www.facebook.com\/privacy\/\" target=\"_blank\" rel=\"noopener\">https:\/\/www.facebook.com\/privacy\/<\/a><\/p>\n<p>(**) Para m\u00e1s informaci\u00f3n de cookies que utiliza Twitter consulten<\/p>\n<p>\u2022 <a href=\"https:\/\/help.twitter.com\/es\/rules-and-policies\/twitter-cookies\" target=\"_blank\" rel=\"noopener\">https:\/\/help.twitter.com\/es\/rules-and-policies\/twitter-cookies<\/a><\/p>\n<h2>Cambios en la Pol\u00edtica de cookies<\/h2>\n<p>Es posible que actualicemos la Pol\u00edtica de Cookies de nuestro sitio web, por ello le recomendamos revisar esta pol\u00edtica cada vez que acceda a nuestro Sitio Web con el objetivo de estar adecuadamente informado sobre c\u00f3mo y para qu\u00e9 usamos las cookies.<\/p>\n<p>La Pol\u00edtica de Cookies de esta web se actualiz\u00f3 por \u00faltima vez a fecha 28\/10\/2020.<\/p>\n","protected":false},"excerpt":{"rendered":"<p>http:\/\/www.pamplonaortodoncia.com\/, utiliza cookies con la finalidad de prestarle una mejor experiencia en su navegaci\u00f3n. Asimismo, en caso de que preste su consentimiento, utilizaremos cookies que nos permitan obtener m\u00e1s informaci\u00f3n acerca de sus preferencias y personalizar nuestro Sitio Web de conformidad con sus intereses individuales, para que tenga una navegaci\u00f3n m\u00e1s fluida y personalizada. Queremos [&hellip;]<\/p>\n","protected":false},"author":1,"featured_media":0,"parent":0,"menu_order":0,"comment_status":"closed","ping_status":"closed","template":"","meta":{"_monsterinsights_skip_tracking":false,"_monsterinsights_sitenote_active":false,"_monsterinsights_sitenote_note":"","_monsterinsights_sitenote_category":0,"ngg_post_thumbnail":0,"footnotes":""},"class_list":["post-3568","page","type-page","status-publish","hentry"],"_links":{"self":[{"href":"http:\/\/www.pamplonaortodoncia.com\/index.php?rest_route=\/wp\/v2\/pages\/3568","targetHints":{"allow":["GET"]}}],"collection":[{"href":"http:\/\/www.pamplonaortodoncia.com\/index.php?rest_route=\/wp\/v2\/pages"}],"about":[{"href":"http:\/\/www.pamplonaortodoncia.com\/index.php?rest_route=\/wp\/v2\/types\/page"}],"author":[{"embeddable":true,"href":"http:\/\/www.pamplonaortodoncia.com\/index.php?rest_route=\/wp\/v2\/users\/1"}],"replies":[{"embeddable":true,"href":"http:\/\/www.pamplonaortodoncia.com\/index.php?rest_route=%2Fwp%2Fv2%2Fcomments&post=3568"}],"version-history":[{"count":0,"href":"http:\/\/www.pamplonaortodoncia.com\/index.php?rest_route=\/wp\/v2\/pages\/3568\/revisions"}],"wp:attachment":[{"href":"http:\/\/www.pamplonaortodoncia.com\/index.php?rest_route=%2Fwp%2Fv2%2Fmedia&parent=3568"}],"curies":[{"name":"wp","href":"https:\/\/api.w.org\/{rel}","templated":true}]}}