{"id":4060,"date":"2026-03-31T22:35:55","date_gmt":"2026-03-31T22:35:55","guid":{"rendered":"http:\/\/www.pamplonaortodoncia.com\/?page_id=4060"},"modified":"2026-04-27T12:44:04","modified_gmt":"2026-04-27T12:44:04","slug":"contacto2","status":"publish","type":"page","link":"http:\/\/www.pamplonaortodoncia.com\/?page_id=4060","title":{"rendered":"CONTACTO2"},"content":{"rendered":"\t\t<div data-elementor-type=\"wp-page\" data-elementor-id=\"4060\" class=\"elementor elementor-4060\" data-elementor-post-type=\"page\">\n\t\t\t\t<div class=\"elementor-element elementor-element-7591961 e-flex e-con-boxed e-con e-parent\" data-id=\"7591961\" data-element_type=\"container\" data-e-type=\"container\">\n\t\t\t\t\t<div class=\"e-con-inner\">\n\t\t<div class=\"elementor-element elementor-element-347e2de e-con-full e-flex e-con e-child\" data-id=\"347e2de\" data-element_type=\"container\" data-e-type=\"container\">\n\t\t\t\t<div class=\"elementor-element elementor-element-8d61fbd elementor-widget elementor-widget-heading\" data-id=\"8d61fbd\" data-element_type=\"widget\" data-e-type=\"widget\" data-widget_type=\"heading.default\">\n\t\t\t\t\t<h2 class=\"elementor-heading-title elementor-size-default\">CL\u00cdNICA ORTODONCIA ROUCH GOROSTIDI<\/h2>\t\t\t\t<\/div>\n\t\t\t\t<div class=\"elementor-element elementor-element-d4151ef elementor-widget-divider--view-line elementor-widget elementor-widget-divider\" data-id=\"d4151ef\" data-element_type=\"widget\" data-e-type=\"widget\" data-widget_type=\"divider.default\">\n\t\t\t\t\t\t\t<div class=\"elementor-divider\">\n\t\t\t<span class=\"elementor-divider-separator\">\n\t\t\t\t\t\t<\/span>\n\t\t<\/div>\n\t\t\t\t\t\t<\/div>\n\t\t\t\t<\/div>\n\t\t\t\t\t<\/div>\n\t\t\t\t<\/div>\n\t\t<div class=\"elementor-element elementor-element-09e1f59 e-flex e-con-boxed e-con e-parent\" data-id=\"09e1f59\" data-element_type=\"container\" data-e-type=\"container\">\n\t\t\t\t\t<div class=\"e-con-inner\">\n\t\t<form class=\"e-con e-atomic-element e-form-base form-state-default \"\n      data-id=\"7069a56\"\n      data-element_type=\"e-form\"\n      data-e-type=\"e-form\"\n      data-interaction-id=\"7069a56\"\n      data-interactions=\"null\"\n      x-data=\"eForm7069a56\"\n      x-on:submit=\"submit\"      aria-label=\"Formulario\"\n      data-form-name=\"Formulario\"\n      >\n    \t\t\t<label \n\t\n\tclass=\"e-1ef3b0d-c7ac769 e-form-label-base\"\n\tfor=e-form-first-name\n\tdata-interaction-id=\"1ef3b0d\"\n\tdata-e-type=\"widget\" data-id=\"1ef3b0d\"\n\t\n>Nombre<\/label>\n\t\t\t\t\t<input \n\tid=e-form-first-name\n\tname=e-form-first-name\n\tclass=\"e-form-input-base\"\n\ttype=\"text\"\n\tdata-interaction-id=\"0ff0d5c\"\n\tdata-e-type=\"widget\" data-id=\"0ff0d5c\" \n\t\n\tplaceholder=Nombre\n\t\n\t\n\/>\n\t\t\t\t\t<label \n\t\n\tclass=\"e-7ac8036-4c59c12 e-form-label-base\"\n\tfor=e-form-email\n\tdata-interaction-id=\"7ac8036\"\n\tdata-e-type=\"widget\" data-id=\"7ac8036\"\n\t\n>Correo electr\u00f3nico<\/label>\n\t\t\t\t\t<input \n\tid=e-form-email\n\tname=e-form-email\n\tclass=\"e-form-input-base\"\n\ttype=\"email\"\n\tdata-interaction-id=\"fde053f\"\n\tdata-e-type=\"widget\" data-id=\"fde053f\" \n\t\n\tplaceholder=tu&#x40;correo.com\n\t\n\t\n\/>\n\t\t\t\t\t<label \n\t\n\tclass=\"e-b101859-3ecacee e-form-label-base\"\n\tfor=e-form-message\n\tdata-interaction-id=\"b101859\"\n\tdata-e-type=\"widget\" data-id=\"b101859\"\n\t\n>Mensaje<\/label>\n\t\t\t\t\t<textarea\t\n\tid=e-form-message\n\tname=e-form-message\n\tclass=\"e-form-textarea-base\"\n\tdata-interaction-id=\"d2582d3\"\n\tdata-e-type=\"widget\" data-id=\"d2582d3\"\n\t\n\tplaceholder=tu&#x20;mensaje\n\t\n\t\n\trows=4\n\t\n\t\n\tdata-resizable\n><\/textarea>\n\t\t\t\t<div class=\"elementor-element elementor-element-9836167 e-con e-atomic-element e-flexbox-base e-form-checkbox-row\" data-id=\"9836167\" data-element_type=\"e-flexbox\" data-e-type=\"e-flexbox\" data-interaction-id=\"9836167\" data-e-type=\"e-flexbox\" data-id=\"9836167\">\n\t\t\t\t\t<input \n\tid=e-form-checkbox\n\tname=checkbox_e-form-checkbox\n\t\n\tclass=\"\"\n\ttype=\"checkbox\"\n\tdata-interaction-id=\"8388a88\"\n\tdata-e-type=\"widget\" data-id=\"8388a88\" \n\t\n\t\n\t\n\t\n\/>\n\t\t\t\t\t<label \n\t\n\tclass=\"e-deedbe0-4193b6a e-form-label-base\"\n\tfor=e-form-checkbox\n\tdata-interaction-id=\"deedbe0\"\n\tdata-e-type=\"widget\" data-id=\"deedbe0\"\n\t\n><strong>He le\u00eddo y acepto el aviso legal y pol\u00edtica de privacidad de esta web. <\/strong><\/label>\n\t\t\t\t<\/div>\n\t\t\t\t\t<button \n\t\n\tclass=\"e-ad2e096-58dc533 e-form-submit-button-base\"\n\ttype=\"submit\"\n\tdata-interaction-id=\"ad2e096\"\n\tdata-e-type=\"widget\" data-id=\"ad2e096\"\n\t\n>Enviar<\/button>\n\t\t<div class=\"e-con e-atomic-element e-form-success-message-base message-success \"\n     data-id=\"ff17706\"\n     data-element_type=\"e-form-success-message\"\n     data-e-type=\"e-form-success-message\"\n     data-interaction-id=\"ff17706\"\n     >\n    \t\t\t\t\t\t<p class=\"e-paragraph-base\" data-interaction-id=\"887e6f8\"  data-e-type=\"widget\" data-id=\"887e6f8\">\n\t\t\t\t\t\t\t\tGreat! We\u2019ve received your information.\n\t\t\t\t\t<\/p>\n\t\t\n<\/div>\n<div class=\"e-con e-atomic-element e-form-error-message-base message-error \"\n     data-id=\"f747852\"\n     data-element_type=\"e-form-error-message\"\n     data-e-type=\"e-form-error-message\"\n     data-interaction-id=\"f747852\"\n     >\n    \t\t\t\t\t\t<p class=\"e-paragraph-base\" data-interaction-id=\"99d0905\"  data-e-type=\"widget\" data-id=\"99d0905\">\n\t\t\t\t\t\t\t\tWe couldn\u2019t process your submission. Please retry\n\t\t\t\t\t<\/p>\n\t\t\n<\/div>\n\n<\/form>\n\t\t\t<\/div>\n\t\t\t\t<\/div>\n\t\t\t\t<\/div>\n\t\t","protected":false},"excerpt":{"rendered":"<p>CL\u00cdNICA ORTODONCIA ROUCH GOROSTIDI Nombre Correo electr\u00f3nico Mensaje He le\u00eddo y acepto el aviso legal y pol\u00edtica de privacidad de esta web. Enviar Great! We\u2019ve received your information. We couldn\u2019t process your submission. Please retry<\/p>\n","protected":false},"author":1,"featured_media":0,"parent":0,"menu_order":0,"comment_status":"closed","ping_status":"closed","template":"","meta":{"_monsterinsights_skip_tracking":false,"_monsterinsights_sitenote_active":false,"_monsterinsights_sitenote_note":"","_monsterinsights_sitenote_category":0,"ngg_post_thumbnail":0,"footnotes":""},"class_list":["post-4060","page","type-page","status-publish","hentry"],"_links":{"self":[{"href":"http:\/\/www.pamplonaortodoncia.com\/index.php?rest_route=\/wp\/v2\/pages\/4060","targetHints":{"allow":["GET"]}}],"collection":[{"href":"http:\/\/www.pamplonaortodoncia.com\/index.php?rest_route=\/wp\/v2\/pages"}],"about":[{"href":"http:\/\/www.pamplonaortodoncia.com\/index.php?rest_route=\/wp\/v2\/types\/page"}],"author":[{"embeddable":true,"href":"http:\/\/www.pamplonaortodoncia.com\/index.php?rest_route=\/wp\/v2\/users\/1"}],"replies":[{"embeddable":true,"href":"http:\/\/www.pamplonaortodoncia.com\/index.php?rest_route=%2Fwp%2Fv2%2Fcomments&post=4060"}],"version-history":[{"count":0,"href":"http:\/\/www.pamplonaortodoncia.com\/index.php?rest_route=\/wp\/v2\/pages\/4060\/revisions"}],"wp:attachment":[{"href":"http:\/\/www.pamplonaortodoncia.com\/index.php?rest_route=%2Fwp%2Fv2%2Fmedia&parent=4060"}],"curies":[{"name":"wp","href":"https:\/\/api.w.org\/{rel}","templated":true}]}}