{"id":4113,"date":"2026-04-09T13:35:09","date_gmt":"2026-04-09T13:35:09","guid":{"rendered":"http:\/\/www.pamplonaortodoncia.com\/?page_id=4113"},"modified":"2026-04-09T14:15:09","modified_gmt":"2026-04-09T14:15:09","slug":"aparatos-fijos-2","status":"publish","type":"page","link":"http:\/\/www.pamplonaortodoncia.com\/?page_id=4113","title":{"rendered":""},"content":{"rendered":"\t\t<div data-elementor-type=\"wp-page\" data-elementor-id=\"4113\" class=\"elementor elementor-4113\" data-elementor-post-type=\"page\">\n\t\t\t\t<div class=\"elementor-element elementor-element-c27ba7a e-flex e-con-boxed e-con e-parent\" data-id=\"c27ba7a\" data-element_type=\"container\" data-e-type=\"container\">\n\t\t\t\t\t<div class=\"e-con-inner\">\n\t\t<div class=\"elementor-element elementor-element-c2cab91 e-con-full e-flex e-con e-child\" data-id=\"c2cab91\" data-element_type=\"container\" data-e-type=\"container\">\n\t\t\t\t<div class=\"elementor-element elementor-element-7479cf1 elementor-widget elementor-widget-heading\" data-id=\"7479cf1\" data-element_type=\"widget\" data-e-type=\"widget\" data-widget_type=\"heading.default\">\n\t\t\t\t\t<h2 class=\"elementor-heading-title elementor-size-default\">Los aparatos fijos<\/h2>\t\t\t\t<\/div>\n\t\t\t\t<div class=\"elementor-element elementor-element-7406647 elementor-widget-divider--view-line elementor-widget elementor-widget-divider\" data-id=\"7406647\" data-element_type=\"widget\" data-e-type=\"widget\" data-widget_type=\"divider.default\">\n\t\t\t\t\t\t\t<div class=\"elementor-divider\">\n\t\t\t<span class=\"elementor-divider-separator\">\n\t\t\t\t\t\t<\/span>\n\t\t<\/div>\n\t\t\t\t\t\t<\/div>\n\t\t\t\t<\/div>\n\t\t\t\t\t<\/div>\n\t\t\t\t<\/div>\n\t\t<div class=\"elementor-element elementor-element-d2de305 e-grid e-con-boxed e-con e-parent\" data-id=\"d2de305\" data-element_type=\"container\" data-e-type=\"container\">\n\t\t\t\t\t<div class=\"e-con-inner\">\n\t\t\t\t\t\t\t\t<p class=\"e-8a4ef30-e4b058f e-paragraph-base\" data-interaction-id=\"8a4ef30\"  data-e-type=\"widget\" data-id=\"8a4ef30\">\n\t\t\t\t\t\t\t\tEscribe aqu\u00ed tu p\u00e1rrafoTeniendo en cuenta las necesidades creadaas por el diagn\u00f3stico y las posibilidades de tratamiento de la ortodoncia moderna.<br>Para conseguir resultados precisos, los aparatos fijos necesitan de una meticulosa t\u00e9cnica, mediante la colocaci\u00f3n precisa de bandas y brackets cementados sobre todas y cada una de las piezas dentarias, as\u00ed como de una serie de sofisticados arcos para lograr los desplazamientos a que haya lugar, de acuerdo con el plan de tratamiento elaborado.<br><br>Los aparatos fijos presenten mas indicaci\u00f3n para:\n\t\t\t\t\t<\/p>\n\t\t\t\t<div class=\"elementor-element elementor-element-59fa156 elementor-widget__width-initial elementor-widget-mobile__width-inherit elementor-align-start elementor-icon-list--layout-traditional elementor-list-item-link-full_width elementor-invisible elementor-widget elementor-widget-icon-list\" data-id=\"59fa156\" data-element_type=\"widget\" data-e-type=\"widget\" data-settings=\"{&quot;_animation&quot;:&quot;fadeIn&quot;}\" data-widget_type=\"icon-list.default\">\n\t\t\t\t\t\t\t<ul class=\"elementor-icon-list-items\">\n\t\t\t\t\t\t\t<li class=\"elementor-icon-list-item\">\n\t\t\t\t\t\t\t\t\t\t\t<span class=\"elementor-icon-list-icon\">\n\t\t\t\t\t\t\t<svg aria-hidden=\"true\" class=\"e-font-icon-svg e-fas-angle-right\" viewBox=\"0 0 256 512\" xmlns=\"http:\/\/www.w3.org\/2000\/svg\"><path d=\"M224.3 273l-136 136c-9.4 9.4-24.6 9.4-33.9 0l-22.6-22.6c-9.4-9.4-9.4-24.6 0-33.9l96.4-96.4-96.4-96.4c-9.4-9.4-9.4-24.6 0-33.9L54.3 103c9.4-9.4 24.6-9.4 33.9 0l136 136c9.5 9.4 9.5 24.6.1 34z\"><\/path><\/svg>\t\t\t\t\t\t<\/span>\n\t\t\t\t\t\t\t\t\t\t<span class=\"elementor-icon-list-text\">la malposici\u00f3n dentaria<\/span>\n\t\t\t\t\t\t\t\t\t<\/li>\n\t\t\t\t\t\t\t\t<li class=\"elementor-icon-list-item\">\n\t\t\t\t\t\t\t\t\t\t\t<span class=\"elementor-icon-list-icon\">\n\t\t\t\t\t\t\t<svg aria-hidden=\"true\" class=\"e-font-icon-svg e-fas-angle-right\" viewBox=\"0 0 256 512\" xmlns=\"http:\/\/www.w3.org\/2000\/svg\"><path d=\"M224.3 273l-136 136c-9.4 9.4-24.6 9.4-33.9 0l-22.6-22.6c-9.4-9.4-9.4-24.6 0-33.9l96.4-96.4-96.4-96.4c-9.4-9.4-9.4-24.6 0-33.9L54.3 103c9.4-9.4 24.6-9.4 33.9 0l136 136c9.5 9.4 9.5 24.6.1 34z\"><\/path><\/svg>\t\t\t\t\t\t<\/span>\n\t\t\t\t\t\t\t\t\t\t<span class=\"elementor-icon-list-text\">dientes rotados<\/span>\n\t\t\t\t\t\t\t\t\t<\/li>\n\t\t\t\t\t\t\t\t<li class=\"elementor-icon-list-item\">\n\t\t\t\t\t\t\t\t\t\t\t<span class=\"elementor-icon-list-icon\">\n\t\t\t\t\t\t\t<svg aria-hidden=\"true\" class=\"e-font-icon-svg e-fas-angle-right\" viewBox=\"0 0 256 512\" xmlns=\"http:\/\/www.w3.org\/2000\/svg\"><path d=\"M224.3 273l-136 136c-9.4 9.4-24.6 9.4-33.9 0l-22.6-22.6c-9.4-9.4-9.4-24.6 0-33.9l96.4-96.4-96.4-96.4c-9.4-9.4-9.4-24.6 0-33.9L54.3 103c9.4-9.4 24.6-9.4 33.9 0l136 136c9.5 9.4 9.5 24.6.1 34z\"><\/path><\/svg>\t\t\t\t\t\t<\/span>\n\t\t\t\t\t\t\t\t\t\t<span class=\"elementor-icon-list-text\">relaci\u00f3n de incisivos<\/span>\n\t\t\t\t\t\t\t\t\t<\/li>\n\t\t\t\t\t\t\t\t<li class=\"elementor-icon-list-item\">\n\t\t\t\t\t\t\t\t\t\t\t<span class=\"elementor-icon-list-icon\">\n\t\t\t\t\t\t\t<svg aria-hidden=\"true\" class=\"e-font-icon-svg e-fas-angle-right\" viewBox=\"0 0 256 512\" xmlns=\"http:\/\/www.w3.org\/2000\/svg\"><path d=\"M224.3 273l-136 136c-9.4 9.4-24.6 9.4-33.9 0l-22.6-22.6c-9.4-9.4-9.4-24.6 0-33.9l96.4-96.4-96.4-96.4c-9.4-9.4-9.4-24.6 0-33.9L54.3 103c9.4-9.4 24.6-9.4 33.9 0l136 136c9.5 9.4 9.5 24.6.1 34z\"><\/path><\/svg>\t\t\t\t\t\t<\/span>\n\t\t\t\t\t\t\t\t\t\t<span class=\"elementor-icon-list-text\">movimientos m\u00faltiples<\/span>\n\t\t\t\t\t\t\t\t\t<\/li>\n\t\t\t\t\t\t<\/ul>\n\t\t\t\t\t\t<\/div>\n\t\t\t\t\t<\/div>\n\t\t\t\t<\/div>\n\t\t<div class=\"elementor-element elementor-element-c66065a e-flex e-con-boxed e-con e-parent\" data-id=\"c66065a\" data-element_type=\"container\" data-e-type=\"container\">\n\t\t\t\t\t<div class=\"e-con-inner\">\n\t\t<div class=\"elementor-element elementor-element-a6b7917 e-con-full e-flex e-con e-child\" data-id=\"a6b7917\" data-element_type=\"container\" data-e-type=\"container\">\n\t\t\t\t\t\t\t<h2 \n\t\tdata-interaction-id=\"2cd7536\" \n\t\tclass=\"e-2cd7536-131fd2a e-heading-base\" \n\t\t \n\t\tdata-e-type=\"widget\" data-id=\"2cd7536\"\n\t>\n\t\n\t\t\tBraquet cer\u00e1mica\n\t\t<\/h2>\n\t\t<div class=\"elementor-element elementor-element-c89932f e-grid e-con-full e-con e-child\" data-id=\"c89932f\" data-element_type=\"container\" data-e-type=\"container\">\n\t\t\t\t\t\t\t\n\t\t<img class=\"e-image-base e-dc16ee8-1bf3242\" \n\t\t\t\t\tdata-interaction-id=\"dc16ee8\" \n\t\t \n\t\t data-e-type=\"widget\" data-id=\"dc16ee8\"\n\t\t\t\t\t\t\t\t\tid=\"318\"\n\t\t\t\t\t\t\t\t\t\t\t\tsrc=\"http:\/\/www.pamplonaortodoncia.com\/wp-content\/uploads\/2013\/03\/brackets_ceramica.jpg\"\n\t\t\t\t\t\t\t\t\t\t\t\twidth=\"275\"\n\t\t\t\t\t\t\t\t\t\t\t\theight=\"148\"\n\t\t\t\t\t\t\t\t\t\t\t\tsrcset=\"http:\/\/www.pamplonaortodoncia.com\/wp-content\/uploads\/2013\/03\/brackets_ceramica.jpg 275w, http:\/\/www.pamplonaortodoncia.com\/wp-content\/uploads\/2013\/03\/brackets_ceramica-100x53.jpg 100w\"\n\t\t\t\t\t\t\t\t\t\t\t\talt=\"\"\n\t\t\t\t\t\t\/>\n\t\t\t\t\t\t\t\t\t<p class=\"e-paragraph-base\" data-interaction-id=\"5158792\"  data-e-type=\"widget\" data-id=\"5158792\">\n\t\t\t\t\t\t\t\tTambi\u00e9n llamados brackets est\u00e9ticos ya que al ser del mismo color que la dentadura no se aprecian a simple vista.<br>Ideales para aquellas personas que valoren su imagen durante su tratamiento de ortodoncia.\n\t\t\t\t\t<\/p>\n\t\t\t\t<\/div>\n\t\t\t\t\t\n<hr class=\"e-divider-base\" data-interaction-id=\"89142d5\"  data-e-type=\"widget\" data-id=\"89142d5\" \/>\n\t\t\t\t<\/div>\n\t\t\t\t\t<\/div>\n\t\t\t\t<\/div>\n\t\t<div class=\"elementor-element elementor-element-82376a3 e-flex e-con-boxed e-con e-parent\" data-id=\"82376a3\" data-element_type=\"container\" data-e-type=\"container\">\n\t\t\t\t\t<div class=\"e-con-inner\">\n\t\t<div class=\"elementor-element elementor-element-740ba66 e-con-full e-flex e-con e-child\" data-id=\"740ba66\" data-element_type=\"container\" data-e-type=\"container\">\n\t\t\t\t\t\t\t<h2 \n\t\tdata-interaction-id=\"115c85b\" \n\t\tclass=\"e-115c85b-edc2051 e-heading-base\" \n\t\t \n\t\tdata-e-type=\"widget\" data-id=\"115c85b\"\n\t>\n\t\n\t\t\tIncognito\n\t\t<\/h2>\n\t\t<div class=\"elementor-element elementor-element-294cb71 e-grid e-con-full e-con e-child\" data-id=\"294cb71\" data-element_type=\"container\" data-e-type=\"container\">\n\t\t\t\t\t\t\t\n\t\t<img class=\"e-image-base \" \n\t\t\t\t\tdata-interaction-id=\"0b486dd\" \n\t\t \n\t\t data-e-type=\"widget\" data-id=\"0b486dd\"\n\t\t\t\t\t\t\t\t\tid=\"432\"\n\t\t\t\t\t\t\t\t\t\t\t\tsrc=\"http:\/\/www.pamplonaortodoncia.com\/wp-content\/uploads\/2013\/03\/Incognito.jpg\"\n\t\t\t\t\t\t\t\t\t\t\t\twidth=\"295\"\n\t\t\t\t\t\t\t\t\t\t\t\theight=\"157\"\n\t\t\t\t\t\t\t\t\t\t\t\tsrcset=\"http:\/\/www.pamplonaortodoncia.com\/wp-content\/uploads\/2013\/03\/Incognito.jpg 295w, http:\/\/www.pamplonaortodoncia.com\/wp-content\/uploads\/2013\/03\/Incognito-200x106.jpg 200w, http:\/\/www.pamplonaortodoncia.com\/wp-content\/uploads\/2013\/03\/Incognito-100x53.jpg 100w, http:\/\/www.pamplonaortodoncia.com\/wp-content\/uploads\/2013\/03\/Incognito-280x149.jpg 280w\"\n\t\t\t\t\t\t\t\t\t\t\t\talt=\"Inc\u00f3gnito\"\n\t\t\t\t\t\t\/>\n\t\t\t\t\t\t\t\t\t<p class=\"e-paragraph-base\" data-interaction-id=\"cf76a5d\"  data-e-type=\"widget\" data-id=\"cf76a5d\">\n\t\t\t\t\t\t\t\tAl colocarse en el interior de la dentadura resulta casi invisible.<br>Cada bracket lingual se hace a medida del diente del paciente lo que aporta comodida y precisi\u00f3n en el tratamiento.\n\t\t\t\t\t<\/p>\n\t\t\t\t<\/div>\n\t\t\t\t\t\n<hr class=\"e-divider-base\" data-interaction-id=\"61a9f5b\"  data-e-type=\"widget\" data-id=\"61a9f5b\" \/>\n\t\t\t\t<\/div>\n\t\t\t\t\t<\/div>\n\t\t\t\t<\/div>\n\t\t<div class=\"elementor-element elementor-element-33f1612 e-flex e-con-boxed e-con e-parent\" data-id=\"33f1612\" data-element_type=\"container\" data-e-type=\"container\">\n\t\t\t\t\t<div class=\"e-con-inner\">\n\t\t<div class=\"elementor-element elementor-element-3d30489 e-con-full e-flex e-con e-child\" data-id=\"3d30489\" data-element_type=\"container\" data-e-type=\"container\">\n\t\t\t\t\t\t\t<h2 \n\t\tdata-interaction-id=\"bda176a\" \n\t\tclass=\"e-bda176a-62d639e e-heading-base\" \n\t\t \n\t\tdata-e-type=\"widget\" data-id=\"bda176a\"\n\t>\n\t\n\t\t\tBraquet damon\n\t\t<\/h2>\n\t\t<div class=\"elementor-element elementor-element-e814061 e-grid e-con-full e-con e-child\" data-id=\"e814061\" data-element_type=\"container\" data-e-type=\"container\">\n\t\t\t\t\t\t\t\n\t\t<img class=\"e-image-base e-862830a-cb94ba2\" \n\t\t\t\t\tdata-interaction-id=\"862830a\" \n\t\t \n\t\t data-e-type=\"widget\" data-id=\"862830a\"\n\t\t\t\t\t\t\t\t\tid=\"319\"\n\t\t\t\t\t\t\t\t\t\t\t\tsrc=\"http:\/\/www.pamplonaortodoncia.com\/wp-content\/uploads\/2013\/03\/brackets_acero1.jpg\"\n\t\t\t\t\t\t\t\t\t\t\t\twidth=\"275\"\n\t\t\t\t\t\t\t\t\t\t\t\theight=\"148\"\n\t\t\t\t\t\t\t\t\t\t\t\tsrcset=\"http:\/\/www.pamplonaortodoncia.com\/wp-content\/uploads\/2013\/03\/brackets_acero1.jpg 275w, http:\/\/www.pamplonaortodoncia.com\/wp-content\/uploads\/2013\/03\/brackets_acero1-100x53.jpg 100w\"\n\t\t\t\t\t\t\t\t\t\t\t\talt=\"\"\n\t\t\t\t\t\t\/>\n\t\t\t\t\t\t\t\t\t<p class=\"e-paragraph-base\" data-interaction-id=\"c23187b\"  data-e-type=\"widget\" data-id=\"c23187b\">\n\t\t\t\t\t\t\t\tNo llevan gomas ya que son de autoligado.<br>Se unen entre s\u00ed a trav\u00e9s de alambres con memoria de forma lo que ayuda a que el tratamiento sea m\u00e1s r\u00e1pido y con menos visitas al ortodoncista.\n\t\t\t\t\t<\/p>\n\t\t\t\t<\/div>\n\t\t\t\t\t\n<hr class=\"e-divider-base\" data-interaction-id=\"5dff19a\"  data-e-type=\"widget\" data-id=\"5dff19a\" \/>\n\t\t\t\t<\/div>\n\t\t\t\t\t<\/div>\n\t\t\t\t<\/div>\n\t\t<div class=\"elementor-element elementor-element-b981642 e-flex e-con-boxed e-con e-parent\" data-id=\"b981642\" data-element_type=\"container\" data-e-type=\"container\">\n\t\t\t\t\t<div class=\"e-con-inner\">\n\t\t<div class=\"elementor-element elementor-element-2da17d1 e-con-full e-flex e-con e-child\" data-id=\"2da17d1\" data-element_type=\"container\" data-e-type=\"container\">\n\t\t\t\t\t\t\t<h2 \n\t\tdata-interaction-id=\"e06c717\" \n\t\tclass=\"e-e06c717-05c3c01 e-heading-base\" \n\t\t \n\t\tdata-e-type=\"widget\" data-id=\"e06c717\"\n\t>\n\t\n\t\t\tBraquet smartclip\n\t\t<\/h2>\n\t\t<div class=\"elementor-element elementor-element-36eff17 e-grid e-con-full e-con e-child\" data-id=\"36eff17\" data-element_type=\"container\" data-e-type=\"container\">\n\t\t\t\t\t\t\t\n\t\t<img class=\"e-image-base e-b47c1f4-75cef02\" \n\t\t\t\t\tdata-interaction-id=\"b47c1f4\" \n\t\t \n\t\t data-e-type=\"widget\" data-id=\"b47c1f4\"\n\t\t\t\t\t\t\t\t\tid=\"534\"\n\t\t\t\t\t\t\t\t\t\t\t\tsrc=\"http:\/\/www.pamplonaortodoncia.com\/wp-content\/uploads\/2013\/03\/brackets_acero2.jpg\"\n\t\t\t\t\t\t\t\t\t\t\t\twidth=\"295\"\n\t\t\t\t\t\t\t\t\t\t\t\theight=\"157\"\n\t\t\t\t\t\t\t\t\t\t\t\tsrcset=\"http:\/\/www.pamplonaortodoncia.com\/wp-content\/uploads\/2013\/03\/brackets_acero2.jpg 295w, http:\/\/www.pamplonaortodoncia.com\/wp-content\/uploads\/2013\/03\/brackets_acero2-200x106.jpg 200w, http:\/\/www.pamplonaortodoncia.com\/wp-content\/uploads\/2013\/03\/brackets_acero2-100x53.jpg 100w, http:\/\/www.pamplonaortodoncia.com\/wp-content\/uploads\/2013\/03\/brackets_acero2-280x149.jpg 280w\"\n\t\t\t\t\t\t\t\t\t\t\t\talt=\"\"\n\t\t\t\t\t\t\/>\n\t\t\t\t\t\t\t\t\t<p class=\"e-paragraph-base\" data-interaction-id=\"0f8b9ce\"  data-e-type=\"widget\" data-id=\"0f8b9ce\">\n\t\t\t\t\t\t\t\tGracias a su sistema de autoligado se adapta f\u00e1cilmente a la posici\u00f3n inicial de cada diente.<br>Permite individualizar al m\u00e1ximo cada tratamiento nos ayudar\u00e1 al final a minimizar las visitas a la consulta.\n\t\t\t\t\t<\/p>\n\t\t\t\t<\/div>\n\t\t\t\t<\/div>\n\t\t\t\t\t<\/div>\n\t\t\t\t<\/div>\n\t\t\t\t<\/div>\n\t\t","protected":false},"excerpt":{"rendered":"<p>Los aparatos fijos Escribe aqu\u00ed tu p\u00e1rrafoTeniendo en cuenta las necesidades creadaas por el diagn\u00f3stico y las posibilidades de tratamiento de la ortodoncia moderna. Para conseguir resultados precisos, los aparatos fijos necesitan de una meticulosa t\u00e9cnica, mediante la colocaci\u00f3n precisa de bandas y brackets cementados sobre todas y cada una de las piezas dentarias, as\u00ed [&hellip;]<\/p>\n","protected":false},"author":1,"featured_media":0,"parent":0,"menu_order":0,"comment_status":"closed","ping_status":"closed","template":"","meta":{"_monsterinsights_skip_tracking":false,"_monsterinsights_sitenote_active":false,"_monsterinsights_sitenote_note":"","_monsterinsights_sitenote_category":0,"ngg_post_thumbnail":0,"footnotes":""},"class_list":["post-4113","page","type-page","status-publish","hentry"],"_links":{"self":[{"href":"http:\/\/www.pamplonaortodoncia.com\/index.php?rest_route=\/wp\/v2\/pages\/4113","targetHints":{"allow":["GET"]}}],"collection":[{"href":"http:\/\/www.pamplonaortodoncia.com\/index.php?rest_route=\/wp\/v2\/pages"}],"about":[{"href":"http:\/\/www.pamplonaortodoncia.com\/index.php?rest_route=\/wp\/v2\/types\/page"}],"author":[{"embeddable":true,"href":"http:\/\/www.pamplonaortodoncia.com\/index.php?rest_route=\/wp\/v2\/users\/1"}],"replies":[{"embeddable":true,"href":"http:\/\/www.pamplonaortodoncia.com\/index.php?rest_route=%2Fwp%2Fv2%2Fcomments&post=4113"}],"version-history":[{"count":0,"href":"http:\/\/www.pamplonaortodoncia.com\/index.php?rest_route=\/wp\/v2\/pages\/4113\/revisions"}],"wp:attachment":[{"href":"http:\/\/www.pamplonaortodoncia.com\/index.php?rest_route=%2Fwp%2Fv2%2Fmedia&parent=4113"}],"curies":[{"name":"wp","href":"https:\/\/api.w.org\/{rel}","templated":true}]}}