{"id":4120,"date":"2026-04-09T14:07:56","date_gmt":"2026-04-09T14:07:56","guid":{"rendered":"http:\/\/www.pamplonaortodoncia.com\/?page_id=4120"},"modified":"2026-04-09T14:15:13","modified_gmt":"2026-04-09T14:15:13","slug":"los-aparatos-removibles-2","status":"publish","type":"page","link":"http:\/\/www.pamplonaortodoncia.com\/?page_id=4120","title":{"rendered":""},"content":{"rendered":"\t\t<div data-elementor-type=\"wp-page\" data-elementor-id=\"4120\" class=\"elementor elementor-4120\" data-elementor-post-type=\"page\">\n\t\t\t\t<div class=\"elementor-element elementor-element-4bea355 e-flex e-con-boxed e-con e-parent\" data-id=\"4bea355\" data-element_type=\"container\" data-e-type=\"container\">\n\t\t\t\t\t<div class=\"e-con-inner\">\n\t\t<div class=\"elementor-element elementor-element-4e3e11c e-con-full e-flex e-con e-child\" data-id=\"4e3e11c\" data-element_type=\"container\" data-e-type=\"container\">\n\t\t\t\t<div class=\"elementor-element elementor-element-224f5ec elementor-widget elementor-widget-heading\" data-id=\"224f5ec\" data-element_type=\"widget\" data-e-type=\"widget\" data-widget_type=\"heading.default\">\n\t\t\t\t\t<h2 class=\"elementor-heading-title elementor-size-default\">Los aparatos removibles<\/h2>\t\t\t\t<\/div>\n\t\t\t\t<div class=\"elementor-element elementor-element-8fc8878 elementor-widget-divider--view-line elementor-widget elementor-widget-divider\" data-id=\"8fc8878\" data-element_type=\"widget\" data-e-type=\"widget\" data-widget_type=\"divider.default\">\n\t\t\t\t\t\t\t<div class=\"elementor-divider\">\n\t\t\t<span class=\"elementor-divider-separator\">\n\t\t\t\t\t\t<\/span>\n\t\t<\/div>\n\t\t\t\t\t\t<\/div>\n\t\t\t\t<\/div>\n\t\t\t\t\t<\/div>\n\t\t\t\t<\/div>\n\t\t<div class=\"elementor-element elementor-element-3fb2693 e-grid e-con-boxed e-con e-parent\" data-id=\"3fb2693\" data-element_type=\"container\" data-e-type=\"container\">\n\t\t\t\t\t<div class=\"e-con-inner\">\n\t\t\t\t\t\t\t\t<p class=\"e-a0cc405-8f5fbb3 e-paragraph-base\" data-interaction-id=\"a0cc405\"  data-e-type=\"widget\" data-id=\"a0cc405\">\n\t\t\t\t\t\t\t\tSon aquellos que se lo puede quitar el mismo paciente para limpieza, pero que, cuando se usan, van firmemente sujetos a las piezas dentarias.<br>Con ellos se pueden aplicar presiones controladas sobre los dientes que se desee desplazar, mediante la acci\u00f3n de elementos mec\u00e1nicos.\n\t\t\t\t\t<\/p>\n\t\t\t\t\t<\/div>\n\t\t\t\t<\/div>\n\t\t<div class=\"elementor-element elementor-element-8c8efce e-flex e-con-boxed e-con e-parent\" data-id=\"8c8efce\" data-element_type=\"container\" data-e-type=\"container\">\n\t\t\t\t\t<div class=\"e-con-inner\">\n\t\t<div class=\"elementor-element elementor-element-ae56fb0 e-con-full e-flex e-con e-child\" data-id=\"ae56fb0\" data-element_type=\"container\" data-e-type=\"container\">\n\t\t\t\t\t\t\t<h2 \n\t\tdata-interaction-id=\"d48d616\" \n\t\tclass=\"e-d48d616-eed1426 e-heading-base\" \n\t\t \n\t\tdata-e-type=\"widget\" data-id=\"d48d616\"\n\t>\n\t\n\t\t\t<strong>Invisalign<\/strong>\n\t\t<\/h2>\n\t\t<div class=\"elementor-element elementor-element-627a9c7 e-grid e-con-full e-con e-child\" data-id=\"627a9c7\" data-element_type=\"container\" data-e-type=\"container\">\n\t\t\t\t\t\t\t\n\t\t<img class=\"e-image-base e-8def8ff-dd354c2\" \n\t\t\t\t\tdata-interaction-id=\"8def8ff\" \n\t\t \n\t\t data-e-type=\"widget\" data-id=\"8def8ff\"\n\t\t\t\t\t\t\t\t\tid=\"609\"\n\t\t\t\t\t\t\t\t\t\t\t\tsrc=\"http:\/\/www.pamplonaortodoncia.com\/wp-content\/uploads\/2013\/03\/Invisalign2w.jpg\"\n\t\t\t\t\t\t\t\t\t\t\t\twidth=\"294\"\n\t\t\t\t\t\t\t\t\t\t\t\theight=\"156\"\n\t\t\t\t\t\t\t\t\t\t\t\tsrcset=\"http:\/\/www.pamplonaortodoncia.com\/wp-content\/uploads\/2013\/03\/Invisalign2w.jpg 294w, http:\/\/www.pamplonaortodoncia.com\/wp-content\/uploads\/2013\/03\/Invisalign2w-200x106.jpg 200w, http:\/\/www.pamplonaortodoncia.com\/wp-content\/uploads\/2013\/03\/Invisalign2w-100x53.jpg 100w, http:\/\/www.pamplonaortodoncia.com\/wp-content\/uploads\/2013\/03\/Invisalign2w-280x149.jpg 280w\"\n\t\t\t\t\t\t\t\t\t\t\t\talt=\"\"\n\t\t\t\t\t\t\/>\n\t\t\t\t\t\t\t\t\t<p class=\"e-paragraph-base\" data-interaction-id=\"90322b4\"  data-e-type=\"widget\" data-id=\"90322b4\">\n\t\t\t\t\t\t\t\tEs uno de los tratamientos m\u00e1s c\u00f3modos para el paciente ya que la funda correctora puede extraerse para comer, beber etc.<br>Las fundas son trasparentes y, adem\u00e1s, al estar hechas a la medida de la boca del paciente apenas se aprecian.\n\t\t\t\t\t<\/p>\n\t\t\t\t<\/div>\n\t\t\t\t\t\n<hr class=\"e-divider-base\" data-interaction-id=\"5cbba58\"  data-e-type=\"widget\" data-id=\"5cbba58\" \/>\n\t\t\t\t<\/div>\n\t\t\t\t\t<\/div>\n\t\t\t\t<\/div>\n\t\t<div class=\"elementor-element elementor-element-f7b3fce e-flex e-con-boxed e-con e-parent\" data-id=\"f7b3fce\" data-element_type=\"container\" data-e-type=\"container\">\n\t\t\t\t\t<div class=\"e-con-inner\">\n\t\t<div class=\"elementor-element elementor-element-7b10e64 e-con-full e-flex e-con e-child\" data-id=\"7b10e64\" data-element_type=\"container\" data-e-type=\"container\">\n\t\t\t\t\t\t\t<h2 \n\t\tdata-interaction-id=\"1ad94ab\" \n\t\tclass=\"e-1ad94ab-6935672 e-heading-base\" \n\t\t \n\t\tdata-e-type=\"widget\" data-id=\"1ad94ab\"\n\t>\n\t\n\t\t\t<strong>Retenedores<\/strong>\n\t\t<\/h2>\n\t\t<div class=\"elementor-element elementor-element-cd22485 e-grid e-con-full e-con e-child\" data-id=\"cd22485\" data-element_type=\"container\" data-e-type=\"container\">\n\t\t\t\t\t\t\t\n\t\t<img class=\"e-image-base e-8a8ed66-d1bc5ef\" \n\t\t\t\t\tdata-interaction-id=\"8a8ed66\" \n\t\t \n\t\t data-e-type=\"widget\" data-id=\"8a8ed66\"\n\t\t\t\t\t\t\t\t\tid=\"429\"\n\t\t\t\t\t\t\t\t\t\t\t\tsrc=\"http:\/\/www.pamplonaortodoncia.com\/wp-content\/uploads\/2013\/03\/Retenedores2.jpg\"\n\t\t\t\t\t\t\t\t\t\t\t\twidth=\"294\"\n\t\t\t\t\t\t\t\t\t\t\t\theight=\"156\"\n\t\t\t\t\t\t\t\t\t\t\t\tsrcset=\"http:\/\/www.pamplonaortodoncia.com\/wp-content\/uploads\/2013\/03\/Retenedores2.jpg 294w, http:\/\/www.pamplonaortodoncia.com\/wp-content\/uploads\/2013\/03\/Retenedores2-200x106.jpg 200w, http:\/\/www.pamplonaortodoncia.com\/wp-content\/uploads\/2013\/03\/Retenedores2-100x53.jpg 100w, http:\/\/www.pamplonaortodoncia.com\/wp-content\/uploads\/2013\/03\/Retenedores2-280x149.jpg 280w\"\n\t\t\t\t\t\t\t\t\t\t\t\talt=\"\"\n\t\t\t\t\t\t\/>\n\t\t\t\t\t\t\t\t\t<p class=\"e-paragraph-base\" data-interaction-id=\"a0c3d63\"  data-e-type=\"widget\" data-id=\"a0c3d63\">\n\t\t\t\t\t\t\t\tSu funci\u00f3n es mantener la dentadura en la posici\u00f3n a la que se ha llegado a trav\u00e9s de cualquier tratamiento.\n\t\t\t\t\t<\/p>\n\t\t\t\t<\/div>\n\t\t\t\t\t\n<hr class=\"e-divider-base\" data-interaction-id=\"efecb14\"  data-e-type=\"widget\" data-id=\"efecb14\" \/>\n\t\t\t\t<\/div>\n\t\t\t\t\t<\/div>\n\t\t\t\t<\/div>\n\t\t<div class=\"elementor-element elementor-element-f147366 e-flex e-con-boxed e-con e-parent\" data-id=\"f147366\" data-element_type=\"container\" data-e-type=\"container\">\n\t\t\t\t\t<div class=\"e-con-inner\">\n\t\t<div class=\"elementor-element elementor-element-fabe1c8 e-con-full e-flex e-con e-child\" data-id=\"fabe1c8\" data-element_type=\"container\" data-e-type=\"container\">\n\t\t\t\t\t\t\t<h2 \n\t\tdata-interaction-id=\"ebbe6c4\" \n\t\tclass=\"e-ebbe6c4-c3ad47a e-heading-base\" \n\t\t \n\t\tdata-e-type=\"widget\" data-id=\"ebbe6c4\"\n\t>\n\t\n\t\t\t<strong>Placa palatina interceptivo<\/strong>\n\t\t<\/h2>\n\t\t<div class=\"elementor-element elementor-element-0027a22 e-grid e-con-full e-con e-child\" data-id=\"0027a22\" data-element_type=\"container\" data-e-type=\"container\">\n\t\t\t\t\t\t\t\n\t\t<img class=\"e-image-base e-163231f-db506d2\" \n\t\t\t\t\tdata-interaction-id=\"163231f\" \n\t\t \n\t\t data-e-type=\"widget\" data-id=\"163231f\"\n\t\t\t\t\t\t\t\t\tid=\"433\"\n\t\t\t\t\t\t\t\t\t\t\t\tsrc=\"http:\/\/www.pamplonaortodoncia.com\/wp-content\/uploads\/2013\/03\/Interceptivo.jpg\"\n\t\t\t\t\t\t\t\t\t\t\t\twidth=\"295\"\n\t\t\t\t\t\t\t\t\t\t\t\theight=\"157\"\n\t\t\t\t\t\t\t\t\t\t\t\tsrcset=\"http:\/\/www.pamplonaortodoncia.com\/wp-content\/uploads\/2013\/03\/Interceptivo.jpg 295w, http:\/\/www.pamplonaortodoncia.com\/wp-content\/uploads\/2013\/03\/Interceptivo-200x106.jpg 200w, http:\/\/www.pamplonaortodoncia.com\/wp-content\/uploads\/2013\/03\/Interceptivo-100x53.jpg 100w, http:\/\/www.pamplonaortodoncia.com\/wp-content\/uploads\/2013\/03\/Interceptivo-280x149.jpg 280w\"\n\t\t\t\t\t\t\t\t\t\t\t\talt=\"Interceptivo\"\n\t\t\t\t\t\t\/>\n\t\t\t\t\t\t\t\t\t<p class=\"e-paragraph-base\" data-interaction-id=\"871eb6e\"  data-e-type=\"widget\" data-id=\"871eb6e\">\n\t\t\t\t\t\t\t\tEstimula la boca internamente lo que permite la mejora de casos en los que la colocaci\u00f3n de los dientes, la mordida o la posici\u00f3n de la lengua no eran las correctas.\n\t\t\t\t\t<\/p>\n\t\t\t\t<\/div>\n\t\t\t\t<\/div>\n\t\t\t\t\t<\/div>\n\t\t\t\t<\/div>\n\t\t\t\t<\/div>\n\t\t","protected":false},"excerpt":{"rendered":"<p>Los aparatos removibles Son aquellos que se lo puede quitar el mismo paciente para limpieza, pero que, cuando se usan, van firmemente sujetos a las piezas dentarias. Con ellos se pueden aplicar presiones controladas sobre los dientes que se desee desplazar, mediante la acci\u00f3n de elementos mec\u00e1nicos. Invisalign Es uno de los tratamientos m\u00e1s c\u00f3modos [&hellip;]<\/p>\n","protected":false},"author":1,"featured_media":0,"parent":0,"menu_order":0,"comment_status":"closed","ping_status":"closed","template":"","meta":{"_monsterinsights_skip_tracking":false,"_monsterinsights_sitenote_active":false,"_monsterinsights_sitenote_note":"","_monsterinsights_sitenote_category":0,"ngg_post_thumbnail":0,"footnotes":""},"class_list":["post-4120","page","type-page","status-publish","hentry"],"_links":{"self":[{"href":"http:\/\/www.pamplonaortodoncia.com\/index.php?rest_route=\/wp\/v2\/pages\/4120","targetHints":{"allow":["GET"]}}],"collection":[{"href":"http:\/\/www.pamplonaortodoncia.com\/index.php?rest_route=\/wp\/v2\/pages"}],"about":[{"href":"http:\/\/www.pamplonaortodoncia.com\/index.php?rest_route=\/wp\/v2\/types\/page"}],"author":[{"embeddable":true,"href":"http:\/\/www.pamplonaortodoncia.com\/index.php?rest_route=\/wp\/v2\/users\/1"}],"replies":[{"embeddable":true,"href":"http:\/\/www.pamplonaortodoncia.com\/index.php?rest_route=%2Fwp%2Fv2%2Fcomments&post=4120"}],"version-history":[{"count":0,"href":"http:\/\/www.pamplonaortodoncia.com\/index.php?rest_route=\/wp\/v2\/pages\/4120\/revisions"}],"wp:attachment":[{"href":"http:\/\/www.pamplonaortodoncia.com\/index.php?rest_route=%2Fwp%2Fv2%2Fmedia&parent=4120"}],"curies":[{"name":"wp","href":"https:\/\/api.w.org\/{rel}","templated":true}]}}